{"id":250,"date":"2020-07-02T18:32:37","date_gmt":"2020-07-02T18:32:37","guid":{"rendered":"https:\/\/adorodancar.com.br\/blog\/?page_id=250"},"modified":"2021-03-22T18:09:58","modified_gmt":"2021-03-22T18:09:58","slug":"aulas-de-danca-online","status":"publish","type":"page","link":"https:\/\/adorodancar.com.br\/blog\/aulas-de-danca-online\/","title":{"rendered":"Aulas de Dan\u00e7a Online Gratuitas no Youtube"},"content":{"rendered":"<p>Desde o post\u00a0 que criei sobre aulas de dan\u00e7a no Youtube ( <a href=\"https:\/\/adorodancar.com.br\/blog\/2019\/03\/aulas-de-danca-de-salao\/\">dispon\u00edvel aqui<\/a> ) , muitos canais com foco em disponibiliza\u00e7\u00e3o de aulas online surgiram no <a href=\"http:\/\/www.youtube.com\">Youtube<\/a> . Como o n\u00famero de v\u00eddeos e canais cresceu exponencialmente, criei esta p\u00e1gina separada.<\/p>\n<p>Esta p\u00e1gina tem objetivo de facilitar a busca sobre aulas de dan\u00e7a online, agrupando links para aulas disponibilizadas na plataforma Youtube. Desta forma voc\u00ea pode encontrar informa\u00e7\u00f5es mais rapidamente do que esteja buscando atrav\u00e9s dos filtro dispon\u00edvel onde \u00e9 poss\u00edvel buscar por ritmo, t\u00edtulo da aula e outras caracter\u00edsticas a mais. Podendo descobrir mais facilmente novos canais, novas movimenta\u00e7\u00f5es, etc.<\/p>\n<p>Obs.: Os links disponibilizados nesta p\u00e1gina s\u00e3o adicionados automaticamente por um rob\u00f4 que busca conte\u00fados de dan\u00e7a no youtube, caso voc\u00ea seja dono do conte\u00fado listado aqui e n\u00e3o deseje que o mesmo seja listado, basta entrar em contato que retiro do site links para este conte\u00fado.<\/p>\n","protected":false},"excerpt":{"rendered":"<p>Desde o post\u00a0 que criei sobre aulas de dan\u00e7a no Youtube ( dispon\u00edvel aqui ) , muitos canais com foco em disponibiliza\u00e7\u00e3o de aulas online surgiram no Youtube . Como o n\u00famero de v\u00eddeos e canais cresceu exponencialmente, criei esta p\u00e1gina separada. Esta p\u00e1gina tem objetivo de facilitar a busca sobre aulas de dan\u00e7a online, agrupando links para aulas disponibilizadas na plataforma Youtube. Desta forma voc\u00ea pode encontrar informa\u00e7\u00f5es mais rapidamente do que esteja buscando atrav\u00e9s dos filtro dispon\u00edvel onde \u00e9 poss\u00edvel buscar por ritmo, t\u00edtulo da aula e outras caracter\u00edsticas a mais. Podendo descobrir mais facilmente novos canais, novas movimenta\u00e7\u00f5es, etc. Obs.: Os links disponibilizados nesta p\u00e1gina s\u00e3o adicionados automaticamente por um rob\u00f4 que busca conte\u00fados de dan\u00e7a no youtube, caso voc\u00ea seja dono do conte\u00fado listado aqui e n\u00e3o deseje que o mesmo seja listado, basta entrar em contato que retiro do site links para este conte\u00fado.<\/p>\n","protected":false},"author":1,"featured_media":317,"parent":0,"menu_order":0,"comment_status":"open","ping_status":"closed","template":"listvideos.php","meta":{"_mi_skip_tracking":false},"yoast_head":"<!-- This site is optimized with the Yoast SEO plugin v14.2 - https:\/\/yoast.com\/wordpress\/plugins\/seo\/ -->\n<title>Aulas de Dan\u00e7a Online Gratuitas no Youtube - Adoro Dan\u00e7ar<\/title>\n<meta name=\"description\" content=\"Encontre aulas de dan\u00e7a online disponibilizadas na plataforma youtube de forma agrupada e permitindo buscas por ritmo, passo , etc.\" \/>\n<meta name=\"robots\" content=\"index, follow\" \/>\n<meta name=\"googlebot\" content=\"index, follow, max-snippet:-1, max-image-preview:large, max-video-preview:-1\" \/>\n<meta name=\"bingbot\" content=\"index, follow, max-snippet:-1, max-image-preview:large, max-video-preview:-1\" \/>\n<link rel=\"canonical\" href=\"https:\/\/adorodancar.com.br\/blog\/aulas-de-danca-online\/\" \/>\n<meta property=\"og:locale\" content=\"pt_BR\" \/>\n<meta property=\"og:type\" content=\"article\" \/>\n<meta property=\"og:title\" content=\"Aulas de Dan\u00e7a Online Gratuitas no Youtube - Adoro Dan\u00e7ar\" \/>\n<meta property=\"og:description\" content=\"Encontre aulas de dan\u00e7a online disponibilizadas na plataforma youtube de forma agrupada e permitindo buscas por ritmo, passo , etc.\" \/>\n<meta property=\"og:url\" content=\"https:\/\/adorodancar.com.br\/blog\/aulas-de-danca-online\/\" \/>\n<meta property=\"og:site_name\" content=\"Adoro Dan\u00e7ar\" \/>\n<meta property=\"article:publisher\" content=\"https:\/\/www.facebook.com\/adorodancaradois\" \/>\n<meta property=\"article:modified_time\" content=\"2021-03-22T18:09:58+00:00\" \/>\n<meta property=\"og:image\" content=\"https:\/\/adorodancar.com.br\/blog\/wp-content\/uploads\/2020\/08\/casal-dancando-casa.jpg\" \/>\n\t<meta property=\"og:image:width\" content=\"1753\" \/>\n\t<meta property=\"og:image:height\" content=\"1170\" \/>\n<meta name=\"twitter:card\" content=\"summary_large_image\" \/>\n<meta name=\"twitter:creator\" content=\"@adoro_dancar\" \/>\n<meta name=\"twitter:site\" content=\"@adoro_dancar\" \/>\n<script type=\"application\/ld+json\" class=\"yoast-schema-graph\">{\"@context\":\"https:\/\/schema.org\",\"@graph\":[{\"@type\":\"WebSite\",\"@id\":\"https:\/\/adorodancar.com.br\/blog\/#website\",\"url\":\"https:\/\/adorodancar.com.br\/blog\/\",\"name\":\"Adoro Dan\\u00e7ar\",\"description\":\"Site para todos que adoram dan\\u00e7ar\",\"potentialAction\":[{\"@type\":\"SearchAction\",\"target\":\"https:\/\/adorodancar.com.br\/blog\/?s={search_term_string}\",\"query-input\":\"required name=search_term_string\"}],\"inLanguage\":\"pt-BR\"},{\"@type\":\"ImageObject\",\"@id\":\"https:\/\/adorodancar.com.br\/blog\/aulas-de-danca-online\/#primaryimage\",\"inLanguage\":\"pt-BR\",\"url\":\"https:\/\/adorodancar.com.br\/blog\/wp-content\/uploads\/2020\/08\/casal-dancando-casa.jpg\",\"width\":1753,\"height\":1170,\"caption\":\"Casal dan\\u00e7ando em Casa\"},{\"@type\":\"WebPage\",\"@id\":\"https:\/\/adorodancar.com.br\/blog\/aulas-de-danca-online\/#webpage\",\"url\":\"https:\/\/adorodancar.com.br\/blog\/aulas-de-danca-online\/\",\"name\":\"Aulas de Dan\\u00e7a Online Gratuitas no Youtube - Adoro Dan\\u00e7ar\",\"isPartOf\":{\"@id\":\"https:\/\/adorodancar.com.br\/blog\/#website\"},\"primaryImageOfPage\":{\"@id\":\"https:\/\/adorodancar.com.br\/blog\/aulas-de-danca-online\/#primaryimage\"},\"datePublished\":\"2020-07-02T18:32:37+00:00\",\"dateModified\":\"2021-03-22T18:09:58+00:00\",\"description\":\"Encontre aulas de dan\\u00e7a online disponibilizadas na plataforma youtube de forma agrupada e permitindo buscas por ritmo, passo , etc.\",\"inLanguage\":\"pt-BR\",\"potentialAction\":[{\"@type\":\"ReadAction\",\"target\":[\"https:\/\/adorodancar.com.br\/blog\/aulas-de-danca-online\/\"]}]}]}<\/script>\n<!-- \/ Yoast SEO plugin. -->","_links":{"self":[{"href":"https:\/\/adorodancar.com.br\/blog\/wp-json\/wp\/v2\/pages\/250"}],"collection":[{"href":"https:\/\/adorodancar.com.br\/blog\/wp-json\/wp\/v2\/pages"}],"about":[{"href":"https:\/\/adorodancar.com.br\/blog\/wp-json\/wp\/v2\/types\/page"}],"author":[{"embeddable":true,"href":"https:\/\/adorodancar.com.br\/blog\/wp-json\/wp\/v2\/users\/1"}],"replies":[{"embeddable":true,"href":"https:\/\/adorodancar.com.br\/blog\/wp-json\/wp\/v2\/comments?post=250"}],"version-history":[{"count":7,"href":"https:\/\/adorodancar.com.br\/blog\/wp-json\/wp\/v2\/pages\/250\/revisions"}],"predecessor-version":[{"id":391,"href":"https:\/\/adorodancar.com.br\/blog\/wp-json\/wp\/v2\/pages\/250\/revisions\/391"}],"wp:featuredmedia":[{"embeddable":true,"href":"https:\/\/adorodancar.com.br\/blog\/wp-json\/wp\/v2\/media\/317"}],"wp:attachment":[{"href":"https:\/\/adorodancar.com.br\/blog\/wp-json\/wp\/v2\/media?parent=250"}],"curies":[{"name":"wp","href":"https:\/\/api.w.org\/{rel}","templated":true}]}}