{"id":265,"date":"2020-07-10T22:38:42","date_gmt":"2020-07-10T22:38:42","guid":{"rendered":"https:\/\/adorodancar.com.br\/blog\/?page_id=265"},"modified":"2020-10-23T21:50:00","modified_gmt":"2020-10-23T21:50:00","slug":"cursos-online-de-danca","status":"publish","type":"page","link":"https:\/\/adorodancar.com.br\/blog\/cursos-online-de-danca\/","title":{"rendered":"Cursos Online de Dan\u00e7a"},"content":{"rendered":"<p>Como mencionado no post sobre isolamento social devido \u00e0 covid-19 ( <a href=\"https:\/\/adorodancar.com.br\/blog\/2020\/06\/alternativas-para-dancar-online-durante-o-isolamento-social\/\">dispon\u00edvel aqui<\/a> ), a adapta\u00e7\u00e3o do ensino de dan\u00e7a para o universo online ganhou grande impuls\u00e3o nos \u00faltimos meses, fazendo com que surgisse tamb\u00e9m uma grande variedade de cursos online de dan\u00e7a na internet. A grande vantagem de um curso frente a aulas avulsas online \u00e9 uma ordem e organiza\u00e7\u00e3o proposta pelos instrutores do curso e a desvantagem \u00e9 que normalmente s\u00e3o pagos.<\/p>\n<p>Criei esta p\u00e1gina com intuito de divulgar os cursos que est\u00e3o surgindo na internet. Estes cursos listados s\u00e3o carregados de forma autom\u00e1tica,ou seja, n\u00e3o \u00e9 feita uma avalia\u00e7\u00e3o manual de qualidade dos cursos dispon\u00edveis, verifique nas redes sociais ou p\u00e1gina de vendas dos produtores mais informa\u00e7\u00f5es sobre os cursos de seu interesse.<\/p>\n","protected":false},"excerpt":{"rendered":"<p>Como mencionado no post sobre isolamento social devido \u00e0 covid-19 ( dispon\u00edvel aqui ), a adapta\u00e7\u00e3o do ensino de dan\u00e7a para o universo online ganhou grande impuls\u00e3o nos \u00faltimos meses, fazendo com que surgisse tamb\u00e9m uma grande variedade de cursos online de dan\u00e7a na internet. A grande vantagem de um curso frente a aulas avulsas online \u00e9 uma ordem e organiza\u00e7\u00e3o proposta pelos instrutores do curso e a desvantagem \u00e9 que normalmente s\u00e3o pagos. Criei esta p\u00e1gina com intuito de divulgar os cursos que est\u00e3o surgindo na internet. Estes cursos listados s\u00e3o carregados de forma autom\u00e1tica,ou seja, n\u00e3o \u00e9 feita uma avalia\u00e7\u00e3o manual de qualidade dos cursos dispon\u00edveis, verifique nas redes sociais ou p\u00e1gina de vendas dos produtores mais informa\u00e7\u00f5es sobre os cursos de seu interesse.<\/p>\n","protected":false},"author":1,"featured_media":319,"parent":0,"menu_order":0,"comment_status":"closed","ping_status":"closed","template":"listcourses.php","meta":{"_mi_skip_tracking":false},"yoast_head":"<!-- This site is optimized with the Yoast SEO plugin v14.2 - https:\/\/yoast.com\/wordpress\/plugins\/seo\/ -->\n<title>Cursos Online de Dan\u00e7a - Adoro Dan\u00e7ar<\/title>\n<meta name=\"description\" content=\"Consulte a uma lista de cursos online de dan\u00e7a dispon\u00edveis na internet.Utilize os filtros para facilitar a busca pelo conte\u00fado do seu interesse.\" \/>\n<meta name=\"robots\" content=\"index, follow\" \/>\n<meta name=\"googlebot\" content=\"index, follow, max-snippet:-1, max-image-preview:large, max-video-preview:-1\" \/>\n<meta name=\"bingbot\" content=\"index, follow, max-snippet:-1, max-image-preview:large, max-video-preview:-1\" \/>\n<link rel=\"canonical\" href=\"https:\/\/adorodancar.com.br\/blog\/cursos-online-de-danca\/\" \/>\n<meta property=\"og:locale\" content=\"pt_BR\" \/>\n<meta property=\"og:type\" content=\"article\" \/>\n<meta property=\"og:title\" content=\"Cursos Online de Dan\u00e7a - Adoro Dan\u00e7ar\" \/>\n<meta property=\"og:description\" content=\"Consulte a uma lista de cursos online de dan\u00e7a dispon\u00edveis na internet.Utilize os filtros para facilitar a busca pelo conte\u00fado do seu interesse.\" \/>\n<meta property=\"og:url\" content=\"https:\/\/adorodancar.com.br\/blog\/cursos-online-de-danca\/\" \/>\n<meta property=\"og:site_name\" content=\"Adoro Dan\u00e7ar\" \/>\n<meta property=\"article:publisher\" content=\"https:\/\/www.facebook.com\/adorodancaradois\" \/>\n<meta property=\"article:modified_time\" content=\"2020-10-23T21:50:00+00:00\" \/>\n<meta property=\"og:image\" content=\"https:\/\/adorodancar.com.br\/blog\/wp-content\/uploads\/2020\/08\/curso_online_danca.jpg\" \/>\n\t<meta property=\"og:image:width\" content=\"750\" \/>\n\t<meta property=\"og:image:height\" content=\"500\" \/>\n<meta name=\"twitter:card\" content=\"summary_large_image\" \/>\n<meta name=\"twitter:creator\" content=\"@adoro_dancar\" \/>\n<meta name=\"twitter:site\" content=\"@adoro_dancar\" \/>\n<script type=\"application\/ld+json\" class=\"yoast-schema-graph\">{\"@context\":\"https:\/\/schema.org\",\"@graph\":[{\"@type\":\"WebSite\",\"@id\":\"https:\/\/adorodancar.com.br\/blog\/#website\",\"url\":\"https:\/\/adorodancar.com.br\/blog\/\",\"name\":\"Adoro Dan\\u00e7ar\",\"description\":\"Site para todos que adoram dan\\u00e7ar\",\"potentialAction\":[{\"@type\":\"SearchAction\",\"target\":\"https:\/\/adorodancar.com.br\/blog\/?s={search_term_string}\",\"query-input\":\"required name=search_term_string\"}],\"inLanguage\":\"pt-BR\"},{\"@type\":\"ImageObject\",\"@id\":\"https:\/\/adorodancar.com.br\/blog\/cursos-online-de-danca\/#primaryimage\",\"inLanguage\":\"pt-BR\",\"url\":\"https:\/\/adorodancar.com.br\/blog\/wp-content\/uploads\/2020\/08\/curso_online_danca.jpg\",\"width\":750,\"height\":500,\"caption\":\"Young woman dancing at home in a living room following video lesson on the laptop. Pretty female repeating exercises while watching online workout session.\"},{\"@type\":\"WebPage\",\"@id\":\"https:\/\/adorodancar.com.br\/blog\/cursos-online-de-danca\/#webpage\",\"url\":\"https:\/\/adorodancar.com.br\/blog\/cursos-online-de-danca\/\",\"name\":\"Cursos Online de Dan\\u00e7a - Adoro Dan\\u00e7ar\",\"isPartOf\":{\"@id\":\"https:\/\/adorodancar.com.br\/blog\/#website\"},\"primaryImageOfPage\":{\"@id\":\"https:\/\/adorodancar.com.br\/blog\/cursos-online-de-danca\/#primaryimage\"},\"datePublished\":\"2020-07-10T22:38:42+00:00\",\"dateModified\":\"2020-10-23T21:50:00+00:00\",\"description\":\"Consulte a uma lista de cursos online de dan\\u00e7a dispon\\u00edveis na internet.Utilize os filtros para facilitar a busca pelo conte\\u00fado do seu interesse.\",\"inLanguage\":\"pt-BR\",\"potentialAction\":[{\"@type\":\"ReadAction\",\"target\":[\"https:\/\/adorodancar.com.br\/blog\/cursos-online-de-danca\/\"]}]}]}<\/script>\n<!-- \/ Yoast SEO plugin. -->","_links":{"self":[{"href":"https:\/\/adorodancar.com.br\/blog\/wp-json\/wp\/v2\/pages\/265"}],"collection":[{"href":"https:\/\/adorodancar.com.br\/blog\/wp-json\/wp\/v2\/pages"}],"about":[{"href":"https:\/\/adorodancar.com.br\/blog\/wp-json\/wp\/v2\/types\/page"}],"author":[{"embeddable":true,"href":"https:\/\/adorodancar.com.br\/blog\/wp-json\/wp\/v2\/users\/1"}],"replies":[{"embeddable":true,"href":"https:\/\/adorodancar.com.br\/blog\/wp-json\/wp\/v2\/comments?post=265"}],"version-history":[{"count":4,"href":"https:\/\/adorodancar.com.br\/blog\/wp-json\/wp\/v2\/pages\/265\/revisions"}],"predecessor-version":[{"id":281,"href":"https:\/\/adorodancar.com.br\/blog\/wp-json\/wp\/v2\/pages\/265\/revisions\/281"}],"wp:featuredmedia":[{"embeddable":true,"href":"https:\/\/adorodancar.com.br\/blog\/wp-json\/wp\/v2\/media\/319"}],"wp:attachment":[{"href":"https:\/\/adorodancar.com.br\/blog\/wp-json\/wp\/v2\/media?parent=265"}],"curies":[{"name":"wp","href":"https:\/\/api.w.org\/{rel}","templated":true}]}}