{"id":447,"date":"2021-05-13T19:46:46","date_gmt":"2021-05-13T19:46:46","guid":{"rendered":"https:\/\/adorodancar.com.br\/blog\/?page_id=447"},"modified":"2021-05-13T19:46:46","modified_gmt":"2021-05-13T19:46:46","slug":"lives","status":"publish","type":"page","link":"https:\/\/adorodancar.com.br\/blog\/lives\/","title":{"rendered":"Lives"},"content":{"rendered":"<p>Nesta p\u00e1gina, h\u00e1 uma lista de links para lives dos mais variados ritmos para animar seu dia e quem sabe dan\u00e7ar um pouco, n\u00e9? Matando um pouco as saudades de estar presente num show ao vivo. Desde o in\u00edcio do isolamento social, houve a populariza\u00e7\u00e3o de shows de artistas atrav\u00e9s das redes sociais, movimentando cada vez mais este universo. Segue uma lista com lives que aconteceram e movimentaram bastante o <a href=\"http:\/\/youtube.com.br\">Youtube<\/a>.<\/p>\n<p>&nbsp;<\/p>\n","protected":false},"excerpt":{"rendered":"<p>Nesta p\u00e1gina, h\u00e1 uma lista de links para lives dos mais variados ritmos para animar seu dia e quem sabe dan\u00e7ar um pouco, n\u00e9? Matando um pouco as saudades de estar presente num show ao vivo. Desde o in\u00edcio do isolamento social, houve a populariza\u00e7\u00e3o de shows de artistas atrav\u00e9s das redes sociais, movimentando cada vez mais este universo. Segue uma lista com lives que aconteceram e movimentaram bastante o Youtube. &nbsp;<\/p>\n","protected":false},"author":1,"featured_media":0,"parent":0,"menu_order":0,"comment_status":"closed","ping_status":"closed","template":"listlives.php","meta":{"_mi_skip_tracking":false},"yoast_head":"<!-- This site is optimized with the Yoast SEO plugin v14.2 - https:\/\/yoast.com\/wordpress\/plugins\/seo\/ -->\n<title>Lives - Adoro Dan\u00e7ar<\/title>\n<meta name=\"description\" content=\"Veja nesta p\u00e1gina, uma lista de lives animadas de ritmos variados e que aqueceram as redes sociais desde o in\u00edcio do isolamento social.\" \/>\n<meta name=\"robots\" content=\"index, follow\" \/>\n<meta name=\"googlebot\" content=\"index, follow, max-snippet:-1, max-image-preview:large, max-video-preview:-1\" \/>\n<meta name=\"bingbot\" content=\"index, follow, max-snippet:-1, max-image-preview:large, max-video-preview:-1\" \/>\n<link rel=\"canonical\" href=\"https:\/\/adorodancar.com.br\/blog\/lives\/\" \/>\n<meta property=\"og:locale\" content=\"pt_BR\" \/>\n<meta property=\"og:type\" content=\"article\" \/>\n<meta property=\"og:title\" content=\"Lives - Adoro Dan\u00e7ar\" \/>\n<meta property=\"og:description\" content=\"Veja nesta p\u00e1gina, uma lista de lives animadas de ritmos variados e que aqueceram as redes sociais desde o in\u00edcio do isolamento social.\" \/>\n<meta property=\"og:url\" content=\"https:\/\/adorodancar.com.br\/blog\/lives\/\" \/>\n<meta property=\"og:site_name\" content=\"Adoro Dan\u00e7ar\" \/>\n<meta property=\"article:publisher\" content=\"https:\/\/www.facebook.com\/adorodancaradois\" \/>\n<meta name=\"twitter:card\" content=\"summary_large_image\" \/>\n<meta name=\"twitter:creator\" content=\"@adoro_dancar\" \/>\n<meta name=\"twitter:site\" content=\"@adoro_dancar\" \/>\n<script type=\"application\/ld+json\" class=\"yoast-schema-graph\">{\"@context\":\"https:\/\/schema.org\",\"@graph\":[{\"@type\":\"WebSite\",\"@id\":\"https:\/\/adorodancar.com.br\/blog\/#website\",\"url\":\"https:\/\/adorodancar.com.br\/blog\/\",\"name\":\"Adoro Dan\\u00e7ar\",\"description\":\"Site para todos que adoram dan\\u00e7ar\",\"potentialAction\":[{\"@type\":\"SearchAction\",\"target\":\"https:\/\/adorodancar.com.br\/blog\/?s={search_term_string}\",\"query-input\":\"required name=search_term_string\"}],\"inLanguage\":\"pt-BR\"},{\"@type\":\"WebPage\",\"@id\":\"https:\/\/adorodancar.com.br\/blog\/lives\/#webpage\",\"url\":\"https:\/\/adorodancar.com.br\/blog\/lives\/\",\"name\":\"Lives - Adoro Dan\\u00e7ar\",\"isPartOf\":{\"@id\":\"https:\/\/adorodancar.com.br\/blog\/#website\"},\"datePublished\":\"2021-05-13T19:46:46+00:00\",\"dateModified\":\"2021-05-13T19:46:46+00:00\",\"description\":\"Veja nesta p\\u00e1gina, uma lista de lives animadas de ritmos variados e que aqueceram as redes sociais desde o in\\u00edcio do isolamento social.\",\"inLanguage\":\"pt-BR\",\"potentialAction\":[{\"@type\":\"ReadAction\",\"target\":[\"https:\/\/adorodancar.com.br\/blog\/lives\/\"]}]}]}<\/script>\n<!-- \/ Yoast SEO plugin. -->","_links":{"self":[{"href":"https:\/\/adorodancar.com.br\/blog\/wp-json\/wp\/v2\/pages\/447"}],"collection":[{"href":"https:\/\/adorodancar.com.br\/blog\/wp-json\/wp\/v2\/pages"}],"about":[{"href":"https:\/\/adorodancar.com.br\/blog\/wp-json\/wp\/v2\/types\/page"}],"author":[{"embeddable":true,"href":"https:\/\/adorodancar.com.br\/blog\/wp-json\/wp\/v2\/users\/1"}],"replies":[{"embeddable":true,"href":"https:\/\/adorodancar.com.br\/blog\/wp-json\/wp\/v2\/comments?post=447"}],"version-history":[{"count":1,"href":"https:\/\/adorodancar.com.br\/blog\/wp-json\/wp\/v2\/pages\/447\/revisions"}],"predecessor-version":[{"id":448,"href":"https:\/\/adorodancar.com.br\/blog\/wp-json\/wp\/v2\/pages\/447\/revisions\/448"}],"wp:attachment":[{"href":"https:\/\/adorodancar.com.br\/blog\/wp-json\/wp\/v2\/media?parent=447"}],"curies":[{"name":"wp","href":"https:\/\/api.w.org\/{rel}","templated":true}]}}